{"id":14,"date":"2023-04-18T17:14:37","date_gmt":"2023-04-18T17:14:37","guid":{"rendered":"https:\/\/forschungsgruppe-pronomen.de\/?page_id=14"},"modified":"2024-03-26T15:08:24","modified_gmt":"2024-03-26T14:08:24","slug":"kontakt","status":"publish","type":"page","link":"https:\/\/tp1.forschungsgruppe-pronomen.de\/en\/kontakt\/","title":{"rendered":"Contact"},"content":{"rendered":"<div class=\"wp-block-columns is-layout-flex wp-container-core-columns-is-layout-28f84493 wp-block-columns-is-layout-flex\"><\/div>\n\n\n\n<div class=\"wp-block-columns is-layout-flex wp-container-core-columns-is-layout-28f84493 wp-block-columns-is-layout-flex\">\n<div class=\"wp-block-column is-layout-flow wp-block-column-is-layout-flow\">\n<figure class=\"wp-block-image size-large is-resized\"><img decoding=\"async\" src=\"https:\/\/www.uni-muenster.de\/imperia\/md\/images\/philologie\/2014\/personen\/fittosize_230_287_cfba255b7caf315a232de3c501bd0466_guenthner_susanne__c__wwu_____julia_harth.jpeg\" alt=\"\" style=\"width:194px;height:242px\"\/><\/figure>\n\n\n\n<p><strong><a href=\"https:\/\/www.uni-muenster.de\/Germanistik\/Lehrende\/sprachwissenschaft\/guenthner_susanne\/index.html\" data-type=\"URL\" data-id=\"https:\/\/www.uni-muenster.de\/Germanistik\/Lehrende\/sprachwissenschaft\/guenthner_susanne\/index.html\">Prof. Dr. Susanne G\u00fcnthner<\/a> <\/strong><\/p>\n\n\n\n<p>University of M\u00fcnster<br>Germanistisches Institut<br>Abteilung Sprachwissenschaft<br>Stein-Haus, Schlossplatz 34<br>48143 M\u00fcnster<br><a href=\"susanne.guenthner@uni-muenster.de\" data-type=\"URL\" data-id=\"susanne.guenthner@uni-muenster.de\">E-Mail<\/a><\/p>\n<\/div>\n\n\n\n<div class=\"wp-block-column is-layout-flow wp-block-column-is-layout-flow\">\n<figure class=\"wp-block-image size-large\"><img decoding=\"async\" src=\"https:\/\/assets.rrz.uni-hamburg.de\/instance_assets\/fakgw\/9055024\/imo-7889123ad9a8cac19db78d13849782904e8bc47d.jpg\" alt=\"\"\/><\/figure>\n\n\n\n<p><strong><a href=\"https:\/\/www.slm.uni-hamburg.de\/germanistik\/personen\/imo.html\" data-type=\"URL\" data-id=\"https:\/\/www.slm.uni-hamburg.de\/germanistik\/personen\/imo.html\">Prof. Dr. Wolfgang Imo<\/a><\/strong><\/p>\n\n\n\n<p>University of Hamburg<br>Sprache Literatur Medien I (SLM I)<br>Institut f\u00fcr Germanistik<br>\u00dcberseering 35<br>22297 Hamburg<br><a href=\"mailto:wolfgang.imo@uni-hamburg.de\" data-type=\"mailto\" data-id=\"mailto:wolfgang.imo@uni-hamburg.de\">E-Mail<\/a><\/p>\n<\/div>\n\n\n\n<div class=\"wp-block-column is-vertically-aligned-stretch is-layout-flow wp-block-column-is-layout-flow\">\n<figure class=\"wp-block-image size-large is-resized\"><img loading=\"lazy\" decoding=\"async\" width=\"739\" height=\"1024\" src=\"https:\/\/tp1.forschungsgruppe-pronomen.de\/wp-content\/uploads\/2023\/12\/MicrosoftTeams-image-4-739x1024.jpg\" alt=\"\" class=\"wp-image-449\" style=\"width:173px;height:auto\" srcset=\"https:\/\/tp1.forschungsgruppe-pronomen.de\/wp-content\/uploads\/2023\/12\/MicrosoftTeams-image-4-739x1024.jpg 739w, https:\/\/tp1.forschungsgruppe-pronomen.de\/wp-content\/uploads\/2023\/12\/MicrosoftTeams-image-4-217x300.jpg 217w, https:\/\/tp1.forschungsgruppe-pronomen.de\/wp-content\/uploads\/2023\/12\/MicrosoftTeams-image-4-768x1064.jpg 768w, https:\/\/tp1.forschungsgruppe-pronomen.de\/wp-content\/uploads\/2023\/12\/MicrosoftTeams-image-4-1109x1536.jpg 1109w, https:\/\/tp1.forschungsgruppe-pronomen.de\/wp-content\/uploads\/2023\/12\/MicrosoftTeams-image-4-1478x2048.jpg 1478w, https:\/\/tp1.forschungsgruppe-pronomen.de\/wp-content\/uploads\/2023\/12\/MicrosoftTeams-image-4-9x12.jpg 9w, https:\/\/tp1.forschungsgruppe-pronomen.de\/wp-content\/uploads\/2023\/12\/MicrosoftTeams-image-4-scaled.jpg 1848w\" sizes=\"auto, (max-width: 739px) 100vw, 739px\" \/><\/figure>\n\n\n\n<p><strong><a href=\"https:\/\/www.uni-muenster.de\/Germanistik\/Lehrende\/sprachwissenschaft\/hendricks_dominic\/index.html\" data-type=\"URL\" data-id=\"https:\/\/www.uni-muenster.de\/Germanistik\/Lehrende\/sprachwissenschaft\/hendricks_dominic\/index.html\">Dominic Hendricks<\/a><\/strong><\/p>\n\n\n\n<p>University of M\u00fcnster<br>Germanistisches Institut<br>Abteilung Sprachwissenschaft<br>Robert-Koch-Stra\u00dfe 29<br>48143 M\u00fcnster<br><a href=\"d.hendricks@uni-muenster.de\" data-type=\"URL\" data-id=\"d.hendricks@uni-muenster.de\">E-Mail<\/a><\/p>\n<\/div>\n<\/div>\n\n\n\n<figure class=\"wp-block-image size-full\"><img loading=\"lazy\" decoding=\"async\" width=\"1024\" height=\"768\" src=\"https:\/\/tp1.forschungsgruppe-pronomen.de\/wp-content\/uploads\/2024\/03\/image.jpeg\" alt=\"\" class=\"wp-image-474\" srcset=\"https:\/\/tp1.forschungsgruppe-pronomen.de\/wp-content\/uploads\/2024\/03\/image.jpeg 1024w, https:\/\/tp1.forschungsgruppe-pronomen.de\/wp-content\/uploads\/2024\/03\/image-300x225.jpeg 300w, https:\/\/tp1.forschungsgruppe-pronomen.de\/wp-content\/uploads\/2024\/03\/image-768x576.jpeg 768w, https:\/\/tp1.forschungsgruppe-pronomen.de\/wp-content\/uploads\/2024\/03\/image-16x12.jpeg 16w\" sizes=\"auto, (max-width: 1024px) 100vw, 1024px\" \/><\/figure>\n\n\n\n<p>Projektteam: Standort M\u00fcnster (Foto: Zhao Jie)<\/p>","protected":false},"excerpt":{"rendered":"<p>Prof. Dr. Susanne G\u00fcnthner Universit\u00e4t M\u00fcnsterGermanistisches InstitutAbteilung SprachwissenschaftStein-Haus, Schlossplatz 3448143 M\u00fcnsterE-Mail Prof. Dr. Wolfgang Imo Universit\u00e4t HamburgSprache Literatur Medien I (SLM I)Institut f\u00fcr Germanistik\u00dcberseering 3522297 HamburgE-Mail Dominic Hendricks Universit\u00e4t M\u00fcnsterGermanistisches InstitutAbteilung SprachwissenschaftRobert-Koch-Stra\u00dfe 2948143 M\u00fcnsterE-Mail Projektteam: Standort M\u00fcnster (Foto: Zhao Jie)<\/p>","protected":false},"author":1,"featured_media":0,"parent":0,"menu_order":0,"comment_status":"closed","ping_status":"closed","template":"","meta":{"site-container-style":"default","site-container-layout":"default","site-sidebar-layout":"default","disable-article-header":"default","disable-site-header":"default","disable-site-footer":"default","disable-content-area-spacing":"default","footnotes":""},"class_list":["post-14","page","type-page","status-publish","hentry"],"publishpress_future_action":{"enabled":false,"date":"2026-05-12 15:48:03","action":"change-status","newStatus":"draft","terms":[],"taxonomy":"","extraData":[]},"publishpress_future_workflow_manual_trigger":{"enabledWorkflows":[]},"_links":{"self":[{"href":"https:\/\/tp1.forschungsgruppe-pronomen.de\/en\/wp-json\/wp\/v2\/pages\/14","targetHints":{"allow":["GET"]}}],"collection":[{"href":"https:\/\/tp1.forschungsgruppe-pronomen.de\/en\/wp-json\/wp\/v2\/pages"}],"about":[{"href":"https:\/\/tp1.forschungsgruppe-pronomen.de\/en\/wp-json\/wp\/v2\/types\/page"}],"author":[{"embeddable":true,"href":"https:\/\/tp1.forschungsgruppe-pronomen.de\/en\/wp-json\/wp\/v2\/users\/1"}],"replies":[{"embeddable":true,"href":"https:\/\/tp1.forschungsgruppe-pronomen.de\/en\/wp-json\/wp\/v2\/comments?post=14"}],"version-history":[{"count":24,"href":"https:\/\/tp1.forschungsgruppe-pronomen.de\/en\/wp-json\/wp\/v2\/pages\/14\/revisions"}],"predecessor-version":[{"id":475,"href":"https:\/\/tp1.forschungsgruppe-pronomen.de\/en\/wp-json\/wp\/v2\/pages\/14\/revisions\/475"}],"wp:attachment":[{"href":"https:\/\/tp1.forschungsgruppe-pronomen.de\/en\/wp-json\/wp\/v2\/media?parent=14"}],"curies":[{"name":"wp","href":"https:\/\/api.w.org\/{rel}","templated":true}]}}